{"id":250,"date":"2024-07-04T19:41:15","date_gmt":"2024-07-04T23:41:15","guid":{"rendered":"https:\/\/cautiva.digital\/monkeys\/?post_type=product&#038;p=250"},"modified":"2024-07-10T09:12:35","modified_gmt":"2024-07-10T13:12:35","slug":"alfajores-aladino","status":"publish","type":"product","link":"https:\/\/cautiva.digital\/monkeys\/producto\/alfajores-aladino\/","title":{"rendered":"Alfajores Aladino"},"content":{"rendered":"<p>El alfajor Aladino viene de las tierras lejanas de arabia en los tiempos donde el comercio florec\u00eda<br \/>\ncon el medio oriente, las poes\u00edas y arte estaba en su auge y las comidas exploraba nuevas ideas y<br \/>\nsabores.<br \/>\nEn estos tiempos reinaban los sultanes y tener muchos tesoros y contracciones potentes de gran<br \/>\nvalor era una muestra de gran poder.<br \/>\nAl mismo tiempo que las riquezas florec\u00edan estaba la gente com\u00fan, el pueblo que trabajaba con<br \/>\nel comercio para sobrevivir d\u00eda a d\u00eda y que solo pod\u00edan so\u00f1ar tener lo que el reinado pod\u00eda obtener.<br \/>\nDentro del desierto hab\u00eda muchas monta\u00f1as y cuevas como laberintos y all\u00ed adentro ladrones de<br \/>\ntiempos lejanos escond\u00edan sus tesoros mas apreciados de sus redadas a los comerciantes y gente<br \/>\ndel palacio.<br \/>\nEn uno de estas cuevas al fondo de una cueva hab\u00eda un tesoro mas grande que todos los dem\u00e1s<br \/>\ny era el alfajor Aladino.<br \/>\nEste tesoro solo se conoc\u00eda en mitos e historias, y muchas personas ricos como pobres salieron a<br \/>\nexpediciones a encontrar esta delicia al paladar.<br \/>\nDescripci\u00f3n de Mercado<br \/>\nCompetencias: Todo tipo de alfajor en el mercado<br \/>\nSegmento: medio y alto.<br \/>\nPuntos de venta: Supermercado<br \/>\nModo de uso: Comer como un postre o una merienda preferiblemente<br \/>\ncon un caf\u00e9.<br \/>\n\u2022 Proviene del medio oriente<br \/>\n\u2022 Comercio, arte, tesoros, telas con colores fuertes, monumentos impactantes,<br \/>\ndesierto, camellos, ladrones<br \/>\n\u2022 Un lujo, un tesoro un mito que existe solo en las sagas para la gente com\u00fan.<br \/>\n\u2022 Deseado de encontrar y probar por todo el mundo ricos como pobres.<\/p>\n","protected":false},"excerpt":{"rendered":"<p>El alfajor Aladino viene de las tierras lejanas de arabia en los tiempos donde el comercio florec\u00eda<br \/>\ncon el medio oriente, las poes\u00edas y arte estaba en su auge y las comidas exploraba nuevas ideas y<br \/>\nsabores.<\/p>\n","protected":false},"featured_media":240,"comment_status":"open","ping_status":"closed","template":"","meta":[],"product_cat":[25],"product_tag":[50],"class_list":{"0":"post-250","1":"product","2":"type-product","3":"status-publish","4":"has-post-thumbnail","6":"product_cat-monkeys","7":"product_tag-alfajores","9":"first","10":"instock","11":"shipping-taxable","12":"purchasable","13":"product-type-simple"},"_links":{"self":[{"href":"https:\/\/cautiva.digital\/monkeys\/wp-json\/wp\/v2\/product\/250","targetHints":{"allow":["GET"]}}],"collection":[{"href":"https:\/\/cautiva.digital\/monkeys\/wp-json\/wp\/v2\/product"}],"about":[{"href":"https:\/\/cautiva.digital\/monkeys\/wp-json\/wp\/v2\/types\/product"}],"replies":[{"embeddable":true,"href":"https:\/\/cautiva.digital\/monkeys\/wp-json\/wp\/v2\/comments?post=250"}],"wp:featuredmedia":[{"embeddable":true,"href":"https:\/\/cautiva.digital\/monkeys\/wp-json\/wp\/v2\/media\/240"}],"wp:attachment":[{"href":"https:\/\/cautiva.digital\/monkeys\/wp-json\/wp\/v2\/media?parent=250"}],"wp:term":[{"taxonomy":"product_cat","embeddable":true,"href":"https:\/\/cautiva.digital\/monkeys\/wp-json\/wp\/v2\/product_cat?post=250"},{"taxonomy":"product_tag","embeddable":true,"href":"https:\/\/cautiva.digital\/monkeys\/wp-json\/wp\/v2\/product_tag?post=250"}],"curies":[{"name":"wp","href":"https:\/\/api.w.org\/{rel}","templated":true}]}}