{"id":113,"date":"2024-08-27T16:14:18","date_gmt":"2024-08-27T16:14:18","guid":{"rendered":"https:\/\/cautiva.digital\/casastrillizas\/?page_id=113"},"modified":"2024-08-27T20:37:38","modified_gmt":"2024-08-27T20:37:38","slug":"contacto","status":"publish","type":"page","link":"https:\/\/cautiva.digital\/casastrillizas\/contacto\/","title":{"rendered":"Nosotros"},"content":{"rendered":"\t\t<div data-elementor-type=\"wp-page\" data-elementor-id=\"113\" class=\"elementor elementor-113\" data-elementor-post-type=\"page\">\n\t\t\t\t\t\t<section class=\"elementor-section elementor-top-section elementor-element elementor-element-4f6ad602 elementor-section-content-middle elementor-section-height-min-height elementor-section-boxed elementor-section-height-default elementor-section-items-middle\" data-id=\"4f6ad602\" data-element_type=\"section\" data-settings=\"{&quot;background_background&quot;:&quot;classic&quot;}\">\n\t\t\t\t\t\t\t<div class=\"elementor-background-overlay\"><\/div>\n\t\t\t\t\t\t\t<div class=\"elementor-container elementor-column-gap-default\">\n\t\t\t\t\t<div class=\"elementor-column elementor-col-100 elementor-top-column elementor-element elementor-element-2cb59227\" data-id=\"2cb59227\" data-element_type=\"column\">\n\t\t\t<div class=\"elementor-widget-wrap elementor-element-populated\">\n\t\t\t\t\t\t<div class=\"elementor-element elementor-element-18caa552 de_scroll_animation_no elementor-invisible elementor-widget elementor-widget-heading\" data-id=\"18caa552\" data-element_type=\"widget\" data-settings=\"{&quot;_animation&quot;:&quot;fadeIn&quot;}\" data-widget_type=\"heading.default\">\n\t\t\t\t<div class=\"elementor-widget-container\">\n\t\t\t<style>\/*! elementor - v3.23.0 - 05-08-2024 *\/\n.elementor-heading-title{padding:0;margin:0;line-height:1}.elementor-widget-heading .elementor-heading-title[class*=elementor-size-]>a{color:inherit;font-size:inherit;line-height:inherit}.elementor-widget-heading .elementor-heading-title.elementor-size-small{font-size:15px}.elementor-widget-heading .elementor-heading-title.elementor-size-medium{font-size:19px}.elementor-widget-heading .elementor-heading-title.elementor-size-large{font-size:29px}.elementor-widget-heading .elementor-heading-title.elementor-size-xl{font-size:39px}.elementor-widget-heading .elementor-heading-title.elementor-size-xxl{font-size:59px}<\/style><h1 class=\"elementor-heading-title elementor-size-default\">Sobre nosotros <\/h1>\t\t<\/div>\n\t\t\t\t<\/div>\n\t\t\t\t\t<\/div>\n\t\t<\/div>\n\t\t\t\t\t<\/div>\n\t\t<\/section>\n\t\t\t\t<section class=\"elementor-section elementor-top-section elementor-element elementor-element-b008536 elementor-section-content-middle elementor-section-boxed elementor-section-height-default elementor-section-height-default\" data-id=\"b008536\" data-element_type=\"section\">\n\t\t\t\t\t\t<div class=\"elementor-container elementor-column-gap-default\">\n\t\t\t\t\t<div class=\"elementor-column elementor-col-33 elementor-top-column elementor-element elementor-element-689bf323\" data-id=\"689bf323\" data-element_type=\"column\">\n\t\t\t<div class=\"elementor-widget-wrap elementor-element-populated\">\n\t\t\t\t\t\t<div class=\"elementor-element elementor-element-25a3a9a2 elementor-widget__width-auto elementor-absolute de_scroll_animation_no elementor-widget elementor-widget-image\" data-id=\"25a3a9a2\" data-element_type=\"widget\" data-settings=\"{&quot;_position&quot;:&quot;absolute&quot;}\" data-widget_type=\"image.default\">\n\t\t\t\t<div class=\"elementor-widget-container\">\n\t\t\t<style>\/*! elementor - v3.23.0 - 05-08-2024 *\/\n.elementor-widget-image{text-align:center}.elementor-widget-image a{display:inline-block}.elementor-widget-image a img[src$=\".svg\"]{width:48px}.elementor-widget-image img{vertical-align:middle;display:inline-block}<\/style>\t\t\t\t\t\t\t\t\t\t<img decoding=\"async\" width=\"94\" height=\"118\" src=\"https:\/\/cautiva.digital\/casastrillizas\/wp-content\/uploads\/2024\/08\/Group-15.png\" class=\"attachment-large size-large wp-image-79\" alt=\"\" \/>\t\t\t\t\t\t\t\t\t\t\t\t\t<\/div>\n\t\t\t\t<\/div>\n\t\t\t\t<section class=\"elementor-section elementor-inner-section elementor-element elementor-element-122b4a4a elementor-section-height-min-height elementor-section-boxed elementor-section-height-default\" data-id=\"122b4a4a\" data-element_type=\"section\" data-settings=\"{&quot;background_background&quot;:&quot;classic&quot;}\">\n\t\t\t\t\t\t<div class=\"elementor-container elementor-column-gap-default\">\n\t\t\t\t\t<div class=\"elementor-column elementor-col-100 elementor-inner-column elementor-element elementor-element-431fff28\" data-id=\"431fff28\" data-element_type=\"column\">\n\t\t\t<div class=\"elementor-widget-wrap\">\n\t\t\t\t\t\t\t<\/div>\n\t\t<\/div>\n\t\t\t\t\t<\/div>\n\t\t<\/section>\n\t\t\t\t\t<\/div>\n\t\t<\/div>\n\t\t\t\t<div class=\"elementor-column elementor-col-33 elementor-top-column elementor-element elementor-element-2bcd0f6f\" data-id=\"2bcd0f6f\" data-element_type=\"column\">\n\t\t\t<div class=\"elementor-widget-wrap\">\n\t\t\t\t\t\t\t<\/div>\n\t\t<\/div>\n\t\t\t\t<div class=\"elementor-column elementor-col-33 elementor-top-column elementor-element elementor-element-7ec3edf9\" data-id=\"7ec3edf9\" data-element_type=\"column\">\n\t\t\t<div class=\"elementor-widget-wrap elementor-element-populated\">\n\t\t\t\t\t\t<div class=\"elementor-element elementor-element-7f7ffc9a de_scroll_animation_no elementor-widget elementor-widget-heading\" data-id=\"7f7ffc9a\" data-element_type=\"widget\" data-widget_type=\"heading.default\">\n\t\t\t\t<div class=\"elementor-widget-container\">\n\t\t\t<h2 class=\"elementor-heading-title elementor-size-default\">Somos la mejor empresa inmobiliaria\n<\/h2>\t\t<\/div>\n\t\t\t\t<\/div>\n\t\t\t\t<div class=\"elementor-element elementor-element-32cdef58 de_scroll_animation_no elementor-widget elementor-widget-text-editor\" data-id=\"32cdef58\" data-element_type=\"widget\" data-widget_type=\"text-editor.default\">\n\t\t\t\t<div class=\"elementor-widget-container\">\n\t\t\t<style>\/*! elementor - v3.23.0 - 05-08-2024 *\/\n.elementor-widget-text-editor.elementor-drop-cap-view-stacked .elementor-drop-cap{background-color:#69727d;color:#fff}.elementor-widget-text-editor.elementor-drop-cap-view-framed .elementor-drop-cap{color:#69727d;border:3px solid;background-color:transparent}.elementor-widget-text-editor:not(.elementor-drop-cap-view-default) .elementor-drop-cap{margin-top:8px}.elementor-widget-text-editor:not(.elementor-drop-cap-view-default) .elementor-drop-cap-letter{width:1em;height:1em}.elementor-widget-text-editor .elementor-drop-cap{float:left;text-align:center;line-height:1;font-size:50px}.elementor-widget-text-editor .elementor-drop-cap-letter{display:inline-block}<\/style>\t\t\t\t<p>Contamos con un equipo de profesionales altamente capacitados en arquitectura, ingenier\u00eda y construcci\u00f3n, dedicados a llevar a cabo cada proyecto con la m\u00e1xima eficiencia y atenci\u00f3n al detalle. Nuestra experiencia y pasi\u00f3n por lo que hacemos nos permiten transformar espacios en hogares acogedores y funcionales.<\/p><p><strong>Nuestros Valores:<\/strong><\/p><ul><li><strong>Calidad:<\/strong> Nos enfocamos en ofrecer construcciones con materiales de primera, garantizando durabilidad y satisfacci\u00f3n a largo plazo.<\/li><li><strong>Innovaci\u00f3n:<\/strong> Incorporamos dise\u00f1o arquitect\u00f3nico moderno y soluciones tecnol\u00f3gicas que mejoran la funcionalidad y el confort de nuestros hogares.<\/li><li><strong>Compromiso:<\/strong> Estamos comprometidos con el bienestar de nuestros clientes, brindando un servicio personalizado y atenci\u00f3n a cada detalle.<\/li><li><strong>Sostenibilidad:<\/strong> Promovemos pr\u00e1cticas de construcci\u00f3n responsables, que minimicen el impacto ambiental y favorezcan un desarrollo urbano m\u00e1s verde.<\/li><\/ul><p>\u00a0<\/p>\t\t\t\t\t\t<\/div>\n\t\t\t\t<\/div>\n\t\t\t\t\t<\/div>\n\t\t<\/div>\n\t\t\t\t\t<\/div>\n\t\t<\/section>\n\t\t\t\t<section class=\"elementor-section elementor-top-section elementor-element elementor-element-b9dae56 elementor-section-content-middle elementor-section-boxed elementor-section-height-default elementor-section-height-default\" data-id=\"b9dae56\" data-element_type=\"section\">\n\t\t\t\t\t\t<div class=\"elementor-container elementor-column-gap-default\">\n\t\t\t\t\t<div class=\"elementor-column elementor-col-33 elementor-top-column elementor-element elementor-element-e601d8e\" data-id=\"e601d8e\" data-element_type=\"column\">\n\t\t\t<div class=\"elementor-widget-wrap elementor-element-populated\">\n\t\t\t\t\t\t<section class=\"elementor-section elementor-inner-section elementor-element elementor-element-65f99f3 elementor-section-height-min-height elementor-section-boxed elementor-section-height-default\" data-id=\"65f99f3\" data-element_type=\"section\" data-settings=\"{&quot;background_background&quot;:&quot;classic&quot;}\">\n\t\t\t\t\t\t<div class=\"elementor-container elementor-column-gap-default\">\n\t\t\t\t\t<div class=\"elementor-column elementor-col-100 elementor-inner-column elementor-element elementor-element-c7da8d7\" data-id=\"c7da8d7\" data-element_type=\"column\">\n\t\t\t<div class=\"elementor-widget-wrap\">\n\t\t\t\t\t\t\t<\/div>\n\t\t<\/div>\n\t\t\t\t\t<\/div>\n\t\t<\/section>\n\t\t\t\t<div class=\"elementor-element elementor-element-1d4d261 elementor-widget__width-auto elementor-absolute de_scroll_animation_no elementor-widget elementor-widget-image\" data-id=\"1d4d261\" data-element_type=\"widget\" data-settings=\"{&quot;_position&quot;:&quot;absolute&quot;}\" data-widget_type=\"image.default\">\n\t\t\t\t<div class=\"elementor-widget-container\">\n\t\t\t\t\t\t\t\t\t\t\t\t\t<img decoding=\"async\" width=\"94\" height=\"118\" src=\"https:\/\/cautiva.digital\/casastrillizas\/wp-content\/uploads\/2024\/08\/Group-15.png\" class=\"attachment-large size-large wp-image-79\" alt=\"\" \/>\t\t\t\t\t\t\t\t\t\t\t\t\t<\/div>\n\t\t\t\t<\/div>\n\t\t\t\t\t<\/div>\n\t\t<\/div>\n\t\t\t\t<div class=\"elementor-column elementor-col-33 elementor-top-column elementor-element elementor-element-879b1e4\" data-id=\"879b1e4\" data-element_type=\"column\">\n\t\t\t<div class=\"elementor-widget-wrap\">\n\t\t\t\t\t\t\t<\/div>\n\t\t<\/div>\n\t\t\t\t<div class=\"elementor-column elementor-col-33 elementor-top-column elementor-element elementor-element-345e88e\" data-id=\"345e88e\" data-element_type=\"column\">\n\t\t\t<div class=\"elementor-widget-wrap elementor-element-populated\">\n\t\t\t\t\t\t<div class=\"elementor-element elementor-element-93291fa de_scroll_animation_no elementor-widget elementor-widget-text-editor\" data-id=\"93291fa\" data-element_type=\"widget\" data-widget_type=\"text-editor.default\">\n\t\t\t\t<div class=\"elementor-widget-container\">\n\t\t\t\t\t\t\t<p><strong>\u00a0Nuestra Misi\u00f3n:<\/strong><\/p><p>Nuestra misi\u00f3n es crear hogares que no solo cumplan con los m\u00e1s altos est\u00e1ndares de construcci\u00f3n, sino que tambi\u00e9n se conviertan en espacios donde las familias puedan vivir c\u00f3modamente y crecer con seguridad. Buscamos ofrecer propiedades que sean una inversi\u00f3n s\u00f3lida, integrando dise\u00f1o, tecnolog\u00eda y ubicaciones estrat\u00e9gicas en cada proyecto.<\/p><p><strong>Nuestra Visi\u00f3n:<\/strong><br \/>Aspiramos a ser una referencia en el mercado inmobiliario boliviano, reconocidos por nuestra excelencia en la construcci\u00f3n y el dise\u00f1o de viviendas. Nos esforzamos por mejorar continuamente, adoptando las \u00faltimas tendencias en construcci\u00f3n sostenible y eficiencia energ\u00e9tica, para crear comunidades que marquen la diferencia en la vida de nuestros clientes.<\/p>\t\t\t\t\t\t<\/div>\n\t\t\t\t<\/div>\n\t\t\t\t\t<\/div>\n\t\t<\/div>\n\t\t\t\t\t<\/div>\n\t\t<\/section>\n\t\t\t\t<\/div>\n\t\t","protected":false},"excerpt":{"rendered":"<p>Sobre nosotros Somos la mejor empresa inmobiliaria Contamos con un equipo de profesionales altamente capacitados en arquitectura, ingenier\u00eda y construcci\u00f3n, dedicados a llevar a cabo cada proyecto con la m\u00e1xima eficiencia y atenci\u00f3n al detalle. Nuestra experiencia y pasi\u00f3n por lo que hacemos nos permiten transformar espacios en hogares acogedores y funcionales. Nuestros Valores: Calidad: [&hellip;]<\/p>\n","protected":false},"author":1,"featured_media":0,"parent":0,"menu_order":0,"comment_status":"closed","ping_status":"closed","template":"","meta":{"footnotes":""},"class_list":["post-113","page","type-page","status-publish","hentry"],"_links":{"self":[{"href":"https:\/\/cautiva.digital\/casastrillizas\/wp-json\/wp\/v2\/pages\/113","targetHints":{"allow":["GET"]}}],"collection":[{"href":"https:\/\/cautiva.digital\/casastrillizas\/wp-json\/wp\/v2\/pages"}],"about":[{"href":"https:\/\/cautiva.digital\/casastrillizas\/wp-json\/wp\/v2\/types\/page"}],"author":[{"embeddable":true,"href":"https:\/\/cautiva.digital\/casastrillizas\/wp-json\/wp\/v2\/users\/1"}],"replies":[{"embeddable":true,"href":"https:\/\/cautiva.digital\/casastrillizas\/wp-json\/wp\/v2\/comments?post=113"}],"version-history":[{"count":5,"href":"https:\/\/cautiva.digital\/casastrillizas\/wp-json\/wp\/v2\/pages\/113\/revisions"}],"predecessor-version":[{"id":168,"href":"https:\/\/cautiva.digital\/casastrillizas\/wp-json\/wp\/v2\/pages\/113\/revisions\/168"}],"wp:attachment":[{"href":"https:\/\/cautiva.digital\/casastrillizas\/wp-json\/wp\/v2\/media?parent=113"}],"curies":[{"name":"wp","href":"https:\/\/api.w.org\/{rel}","templated":true}]}}