{"id":3,"date":"2018-08-06T08:30:34","date_gmt":"2018-08-06T08:30:34","guid":{"rendered":"https:\/\/cautiva.digital\/UPAL\/?page_id=3"},"modified":"2020-01-14T20:27:24","modified_gmt":"2020-01-14T20:27:24","slug":"privacy-policy","status":"publish","type":"page","link":"https:\/\/cautiva.digital\/UPAL\/privacy-policy\/","title":{"rendered":"Pol\u00edtica de Privacidad"},"content":{"rendered":"<p>DECLARACI\u00d3N DE PRIVACIDAD<\/p>\n<p>&#8212;-<\/p>\n<p>SECCI\u00d3N 1 &#8211; \u00bfQU\u00c9 HACEMOS CON TU INFORMACI\u00d3N?<\/p>\n<p>Cuando compras algo de nuestra tienda, como parte del proceso de compra venta, nosotros recolectamos la informaci\u00f3n personal que nos das tales como nombre, direcci\u00f3n y correo electr\u00f3nico.<\/p>\n<p>Cuando navegas en nuestra tienda, tambi\u00e9n recibimos de manera autom\u00e1tica la direcci\u00f3n de protocolo de internet de tu computadora (IP) con el fin de proporcionarnos informaci\u00f3n que nos ayuda a conocer acerca de su navegador y sistema operativo.<\/p>\n<p>Email marketing (si es aplicable): Con tu permiso, podremos enviarte correos electr\u00f3nicos acerca de nuestra tienda, nuevos productos y otras actualizaciones<\/p>\n<p>SECCI\u00d3N 2 &#8211; CONSENTIMIENTO<\/p>\n<p>\u00bfC\u00f3mo obtienen mi consentimiento?<\/p>\n<p>Cuando nos provees tu informaci\u00f3n personal para completar una transacci\u00f3n, verificar tu tarjeta de cr\u00e9dito, crear una orden, concertar un env\u00edo o hacer una devoluci\u00f3n, implicamos que aceptas la recolecci\u00f3n y uso por esa raz\u00f3n espec\u00edfica solamente.<\/p>\n<p>Si te pedimos tu informaci\u00f3n personal por una raz\u00f3n secundaria, como marketing, te pediremos directamente tu expreso consentimiento, o te daremos la oportunidad de negarte.<\/p>\n<p>\u00bfC\u00f3mo puedo anular mi consentimiento?<\/p>\n<p>Si luego de haber aceptado cambias de opini\u00f3n, puedes anular tu consentimiento para que te contactemos, por la recolecci\u00f3n, uso o divulgaci\u00f3n de tu informaci\u00f3n, en cualquier momento, contact\u00e1ndonos a upal@upal.edu o escribi\u00e9ndonos a: UPAL Tupac Amaru 1800, Cochabamba, C, , Bolivia<\/p>\n<p>SECCI\u00d3N 3 &#8211; DIVULGACI\u00d3N<\/p>\n<p>Podemos divulgar tu informaci\u00f3n personal si se nos requiere por ley o si violas nuestros T\u00e9rminos de Servicio.<\/p>\n<p>SECCI\u00d3N 4 &#8211; EDAD DE CONSENTIMIENTO<\/p>\n<p>Al utilizar este sitio, declaras que tienes al menos la mayor\u00eda de edad en tu estado o provincia de residencia, o que tienes la mayor\u00eda de edad en tu estado o provincia de residencia y que nos has dado tu consentimiento para permitir que cualquiera de tus dependientes menores use este sitio.<\/p>\n<p>SECCI\u00d3N 5 &#8211; CAMBIOS A ESTA POL\u00cdTICA DE PRIVACIDAD<\/p>\n<p>Nos reservamos el derecho de modificar esta pol\u00edtica de privacidad en cualquier momento, as\u00ed que por favor rev\u00edsala frecuentemente. Cambios y aclaraciones entrar\u00e1n en vigencia inmediatamente despu\u00e9s de su publicaci\u00f3n en el sitio web. Si hacemos cambios materiales a esta pol\u00edtica, notificaremos aqu\u00ed que ha sido actualizada, por lo que cual est\u00e1s enterado de qu\u00e9 informaci\u00f3n recopilamos, c\u00f3mo y bajo qu\u00e9 circunstancias, si las hubiere, la utilizamos y\/o divulgamos.<\/p>\n<p>PREGUNTAS E INFORMACI\u00d3N DE CONTACTO<\/p>\n<p>Si quieres: acceder, corregir, enmendar o borrar cualquier informaci\u00f3n personal que poseamos sobre ti, registrar una queja, o simplemente quieres m\u00e1s informaci\u00f3n contacta a nuestro Oficial de Cumplimiento de Privacidad upal@upal.edu o por correo postal a UPAL<\/p>\n<p>[Tupac Amaru 1800, Cochabamba, C, , Bolivia]<\/p>\n<h3><\/h3>\n","protected":false},"excerpt":{"rendered":"<p>DECLARACI\u00d3N DE PRIVACIDAD &#8212;- SECCI\u00d3N 1 &#8211; \u00bfQU\u00c9 HACEMOS CON TU INFORMACI\u00d3N? Cuando compras algo de nuestra tienda, como parte del proceso de compra venta, nosotros recolectamos la informaci\u00f3n personal [&hellip;]<\/p>\n","protected":false},"author":1,"featured_media":0,"parent":0,"menu_order":0,"comment_status":"closed","ping_status":"open","template":"","meta":{"footnotes":""},"class_list":["post-3","page","type-page","status-publish","hentry"],"yoast_head":"<!-- This site is optimized with the Yoast SEO plugin v26.8 - https:\/\/yoast.com\/product\/yoast-seo-wordpress\/ -->\n<title>Pol\u00edtica de Privacidad - Universidad Privada Abierta Latinoamericana<\/title>\n<meta name=\"robots\" content=\"index, follow, max-snippet:-1, max-image-preview:large, max-video-preview:-1\" \/>\n<link rel=\"canonical\" href=\"https:\/\/cautiva.digital\/UPAL\/privacy-policy\/\" \/>\n<meta property=\"og:locale\" content=\"es_ES\" \/>\n<meta property=\"og:type\" content=\"article\" \/>\n<meta property=\"og:title\" content=\"Pol\u00edtica de Privacidad - Universidad Privada Abierta Latinoamericana\" \/>\n<meta property=\"og:description\" content=\"DECLARACI\u00d3N DE PRIVACIDAD &#8212;- SECCI\u00d3N 1 &#8211; \u00bfQU\u00c9 HACEMOS CON TU INFORMACI\u00d3N? Cuando compras algo de nuestra tienda, como parte del proceso de compra venta, nosotros recolectamos la informaci\u00f3n personal [&hellip;]\" \/>\n<meta property=\"og:url\" content=\"https:\/\/cautiva.digital\/UPAL\/privacy-policy\/\" \/>\n<meta property=\"og:site_name\" content=\"Universidad Privada Abierta Latinoamericana\" \/>\n<meta property=\"article:modified_time\" content=\"2020-01-14T20:27:24+00:00\" \/>\n<meta name=\"twitter:card\" content=\"summary_large_image\" \/>\n<meta name=\"twitter:label1\" content=\"Tiempo de lectura\" \/>\n\t<meta name=\"twitter:data1\" content=\"2 minutos\" \/>\n<script type=\"application\/ld+json\" class=\"yoast-schema-graph\">{\"@context\":\"https:\/\/schema.org\",\"@graph\":[{\"@type\":\"WebPage\",\"@id\":\"https:\/\/cautiva.digital\/UPAL\/privacy-policy\/\",\"url\":\"https:\/\/cautiva.digital\/UPAL\/privacy-policy\/\",\"name\":\"Pol\u00edtica de Privacidad - Universidad Privada Abierta Latinoamericana\",\"isPartOf\":{\"@id\":\"https:\/\/cautiva.digital\/UPAL\/#website\"},\"datePublished\":\"2018-08-06T08:30:34+00:00\",\"dateModified\":\"2020-01-14T20:27:24+00:00\",\"breadcrumb\":{\"@id\":\"https:\/\/cautiva.digital\/UPAL\/privacy-policy\/#breadcrumb\"},\"inLanguage\":\"es\",\"potentialAction\":[{\"@type\":\"ReadAction\",\"target\":[\"https:\/\/cautiva.digital\/UPAL\/privacy-policy\/\"]}]},{\"@type\":\"BreadcrumbList\",\"@id\":\"https:\/\/cautiva.digital\/UPAL\/privacy-policy\/#breadcrumb\",\"itemListElement\":[{\"@type\":\"ListItem\",\"position\":1,\"name\":\"Portada\",\"item\":\"https:\/\/cautiva.digital\/UPAL\/\"},{\"@type\":\"ListItem\",\"position\":2,\"name\":\"Pol\u00edtica de Privacidad\"}]},{\"@type\":\"WebSite\",\"@id\":\"https:\/\/cautiva.digital\/UPAL\/#website\",\"url\":\"https:\/\/cautiva.digital\/UPAL\/\",\"name\":\"Universidad Privada Abierta Latinoamericana\",\"description\":\"La Pr\u00e1ctica lo hace Perfecto\",\"potentialAction\":[{\"@type\":\"SearchAction\",\"target\":{\"@type\":\"EntryPoint\",\"urlTemplate\":\"https:\/\/cautiva.digital\/UPAL\/?s={search_term_string}\"},\"query-input\":{\"@type\":\"PropertyValueSpecification\",\"valueRequired\":true,\"valueName\":\"search_term_string\"}}],\"inLanguage\":\"es\"}]}<\/script>\n<!-- \/ Yoast SEO plugin. -->","yoast_head_json":{"title":"Pol\u00edtica de Privacidad - Universidad Privada Abierta Latinoamericana","robots":{"index":"index","follow":"follow","max-snippet":"max-snippet:-1","max-image-preview":"max-image-preview:large","max-video-preview":"max-video-preview:-1"},"canonical":"https:\/\/cautiva.digital\/UPAL\/privacy-policy\/","og_locale":"es_ES","og_type":"article","og_title":"Pol\u00edtica de Privacidad - Universidad Privada Abierta Latinoamericana","og_description":"DECLARACI\u00d3N DE PRIVACIDAD &#8212;- SECCI\u00d3N 1 &#8211; \u00bfQU\u00c9 HACEMOS CON TU INFORMACI\u00d3N? Cuando compras algo de nuestra tienda, como parte del proceso de compra venta, nosotros recolectamos la informaci\u00f3n personal [&hellip;]","og_url":"https:\/\/cautiva.digital\/UPAL\/privacy-policy\/","og_site_name":"Universidad Privada Abierta Latinoamericana","article_modified_time":"2020-01-14T20:27:24+00:00","twitter_card":"summary_large_image","twitter_misc":{"Tiempo de lectura":"2 minutos"},"schema":{"@context":"https:\/\/schema.org","@graph":[{"@type":"WebPage","@id":"https:\/\/cautiva.digital\/UPAL\/privacy-policy\/","url":"https:\/\/cautiva.digital\/UPAL\/privacy-policy\/","name":"Pol\u00edtica de Privacidad - Universidad Privada Abierta Latinoamericana","isPartOf":{"@id":"https:\/\/cautiva.digital\/UPAL\/#website"},"datePublished":"2018-08-06T08:30:34+00:00","dateModified":"2020-01-14T20:27:24+00:00","breadcrumb":{"@id":"https:\/\/cautiva.digital\/UPAL\/privacy-policy\/#breadcrumb"},"inLanguage":"es","potentialAction":[{"@type":"ReadAction","target":["https:\/\/cautiva.digital\/UPAL\/privacy-policy\/"]}]},{"@type":"BreadcrumbList","@id":"https:\/\/cautiva.digital\/UPAL\/privacy-policy\/#breadcrumb","itemListElement":[{"@type":"ListItem","position":1,"name":"Portada","item":"https:\/\/cautiva.digital\/UPAL\/"},{"@type":"ListItem","position":2,"name":"Pol\u00edtica de Privacidad"}]},{"@type":"WebSite","@id":"https:\/\/cautiva.digital\/UPAL\/#website","url":"https:\/\/cautiva.digital\/UPAL\/","name":"Universidad Privada Abierta Latinoamericana","description":"La Pr\u00e1ctica lo hace Perfecto","potentialAction":[{"@type":"SearchAction","target":{"@type":"EntryPoint","urlTemplate":"https:\/\/cautiva.digital\/UPAL\/?s={search_term_string}"},"query-input":{"@type":"PropertyValueSpecification","valueRequired":true,"valueName":"search_term_string"}}],"inLanguage":"es"}]}},"_links":{"self":[{"href":"https:\/\/cautiva.digital\/UPAL\/wp-json\/wp\/v2\/pages\/3","targetHints":{"allow":["GET"]}}],"collection":[{"href":"https:\/\/cautiva.digital\/UPAL\/wp-json\/wp\/v2\/pages"}],"about":[{"href":"https:\/\/cautiva.digital\/UPAL\/wp-json\/wp\/v2\/types\/page"}],"author":[{"embeddable":true,"href":"https:\/\/cautiva.digital\/UPAL\/wp-json\/wp\/v2\/users\/1"}],"replies":[{"embeddable":true,"href":"https:\/\/cautiva.digital\/UPAL\/wp-json\/wp\/v2\/comments?post=3"}],"version-history":[{"count":1,"href":"https:\/\/cautiva.digital\/UPAL\/wp-json\/wp\/v2\/pages\/3\/revisions"}],"predecessor-version":[{"id":7380,"href":"https:\/\/cautiva.digital\/UPAL\/wp-json\/wp\/v2\/pages\/3\/revisions\/7380"}],"wp:attachment":[{"href":"https:\/\/cautiva.digital\/UPAL\/wp-json\/wp\/v2\/media?parent=3"}],"curies":[{"name":"wp","href":"https:\/\/api.w.org\/{rel}","templated":true}]}}