{"id":7607,"date":"2020-05-07T16:50:20","date_gmt":"2020-05-07T16:50:20","guid":{"rendered":"https:\/\/cautiva.digital\/UPAL\/politica-de-privacidade\/"},"modified":"2020-05-07T16:50:20","modified_gmt":"2020-05-07T16:50:20","slug":"politica-de-privacidade","status":"publish","type":"page","link":"https:\/\/cautiva.digital\/UPAL\/pt-br\/politica-de-privacidade\/","title":{"rendered":"Pol\u00edtica de privacidade"},"content":{"rendered":"<p>DECLARA\u00c7\u00c3O DE PRIVACIDADE<\/p>\n<p>&#8212;-<\/p>\n<p>SE\u00c7\u00c3O 1 &#8211; O QUE FAZEMOS COM SUA INFORMA\u00c7\u00c3O?<\/p>\n<p>Quando voc\u00ea compra algo de nossa loja, como parte do processo de compra e venda, coletamos as informa\u00e7\u00f5es pessoais que voc\u00ea nos fornece, como nome, endere\u00e7o e email.<\/p>\n<p>Quando voc\u00ea navega em nossa loja, tamb\u00e9m recebemos automaticamente o endere\u00e7o IP do seu computador para fornecer informa\u00e7\u00f5es que nos ajudam a aprender sobre o navegador e o sistema operacional.<\/p>\n<p>Email marketing (se aplic\u00e1vel): com sua permiss\u00e3o, podemos enviar e-mails sobre nossa loja, novos produtos e outras atualiza\u00e7\u00f5es<\/p>\n<p>SE\u00c7\u00c3O 2 &#8211; CONSENTIMENTO<\/p>\n<p>Como voc\u00ea consegue meu consentimento?<\/p>\n<p>Quando voc\u00ea nos fornece suas informa\u00e7\u00f5es pessoais para concluir uma transa\u00e7\u00e3o, verificar seu cart\u00e3o de cr\u00e9dito, criar um pedido, providenciar uma remessa ou fazer uma devolu\u00e7\u00e3o, sugerimos que voc\u00ea aceita a coleta e o uso apenas por esse motivo espec\u00edfico.<\/p>\n<p>Se solicitarmos suas informa\u00e7\u00f5es pessoais por um motivo secund\u00e1rio, como marketing, solicitaremos diretamente seu consentimento expresso ou lhe daremos a oportunidade de recusar.<\/p>\n<p>Como posso retirar meu consentimento?<\/p>\n<p>Se, depois de aceitar que voc\u00ea mudar de id\u00e9ia, voc\u00ea pode retirar seu consentimento para que possamos entrar em contato com voc\u00ea, para a coleta, uso ou divulga\u00e7\u00e3o de suas informa\u00e7\u00f5es, a qualquer momento, entrando em contato conosco em upal@upal.edu ou escrevendo para: UPAL Tupac Amaru 1800, Cochabamba , C ,, Bol\u00edvia<\/p>\n<p>SE\u00c7\u00c3O 3 &#8211; DIVULGA\u00c7\u00c3O<\/p>\n<p>Podemos divulgar suas informa\u00e7\u00f5es pessoais se for exigido por lei ou se voc\u00ea violar nossos Termos de Servi\u00e7o.<\/p>\n<p>SE\u00c7\u00c3O 4 &#8211; IDADE DO CONSENTIMENTO<\/p>\n<p>Ao usar este site, voc\u00ea declara ter pelo menos a maioridade em seu estado ou prov\u00edncia de resid\u00eancia ou que tem a maioridade em seu estado ou prov\u00edncia de resid\u00eancia e que nos deu seu consentimento para permitir que qualquer um de seus dependentes menores de idade usam este site.<\/p>\n<p>SE\u00c7\u00c3O 5 &#8211; ALTERA\u00c7\u00d5ES A ESTA POL\u00cdTICA DE PRIVACIDADE<\/p>\n<p>Reservamo-nos o direito de alterar esta pol\u00edtica de privacidade a qualquer momento, portanto, revise-a com frequ\u00eancia. Altera\u00e7\u00f5es e esclarecimentos entrar\u00e3o em vigor imediatamente ap\u00f3s sua publica\u00e7\u00e3o no site. Se fizermos altera\u00e7\u00f5es substanciais a esta pol\u00edtica, notificaremos aqui que ela foi atualizada, para que voc\u00ea saiba quais informa\u00e7\u00f5es coletamos, como e em que circunst\u00e2ncias, se houver, usamos e \/ ou divulgamos.<\/p>\n<p>PERGUNTAS E INFORMA\u00c7\u00d5ES DE CONTATO INFORMA\u00c7\u00d5ES<\/p>\n<p>Se voc\u00ea quiser: acessar, corrigir, alterar ou excluir qualquer informa\u00e7\u00e3o pessoal que tenhamos sobre voc\u00ea, registrar uma reclama\u00e7\u00e3o ou simplesmente desejar mais informa\u00e7\u00f5es, entre em contato com nosso Diretor de Conformidade com a Privacidade upal@upal.edu ou por e-mail para UPAL<\/p>\n<p>[Tupac Amaru 1800, Cochabamba, C, , Bolivia]<\/p>\n<h3><\/h3>\n","protected":false},"excerpt":{"rendered":"<p>DECLARA\u00c7\u00c3O DE PRIVACIDADE &#8212;- SE\u00c7\u00c3O 1 &#8211; O QUE FAZEMOS COM SUA INFORMA\u00c7\u00c3O? Quando voc\u00ea compra algo de nossa loja, como parte do processo de compra e venda, coletamos as [&hellip;]<\/p>\n","protected":false},"author":1,"featured_media":0,"parent":0,"menu_order":0,"comment_status":"closed","ping_status":"open","template":"","meta":{"footnotes":""},"class_list":["post-7607","page","type-page","status-publish","hentry"],"yoast_head":"<!-- This site is optimized with the Yoast SEO plugin v26.8 - https:\/\/yoast.com\/product\/yoast-seo-wordpress\/ -->\n<title>Pol\u00edtica de privacidade - Universidad Privada Abierta Latinoamericana<\/title>\n<meta name=\"robots\" content=\"index, follow, max-snippet:-1, max-image-preview:large, max-video-preview:-1\" \/>\n<link rel=\"canonical\" href=\"https:\/\/cautiva.digital\/UPAL\/pt-br\/politica-de-privacidade\/\" \/>\n<meta property=\"og:locale\" content=\"pt_BR\" \/>\n<meta property=\"og:type\" content=\"article\" \/>\n<meta property=\"og:title\" content=\"Pol\u00edtica de privacidade - Universidad Privada Abierta Latinoamericana\" \/>\n<meta property=\"og:description\" content=\"DECLARA\u00c7\u00c3O DE PRIVACIDADE &#8212;- SE\u00c7\u00c3O 1 &#8211; O QUE FAZEMOS COM SUA INFORMA\u00c7\u00c3O? Quando voc\u00ea compra algo de nossa loja, como parte do processo de compra e venda, coletamos as [&hellip;]\" \/>\n<meta property=\"og:url\" content=\"https:\/\/cautiva.digital\/UPAL\/pt-br\/politica-de-privacidade\/\" \/>\n<meta property=\"og:site_name\" content=\"Universidad Privada Abierta Latinoamericana\" \/>\n<meta name=\"twitter:card\" content=\"summary_large_image\" \/>\n<meta name=\"twitter:label1\" content=\"Est. tempo de leitura\" \/>\n\t<meta name=\"twitter:data1\" content=\"2 minutos\" \/>\n<script type=\"application\/ld+json\" class=\"yoast-schema-graph\">{\"@context\":\"https:\/\/schema.org\",\"@graph\":[{\"@type\":\"WebPage\",\"@id\":\"https:\/\/cautiva.digital\/UPAL\/pt-br\/politica-de-privacidade\/\",\"url\":\"https:\/\/cautiva.digital\/UPAL\/pt-br\/politica-de-privacidade\/\",\"name\":\"Pol\u00edtica de privacidade - Universidad Privada Abierta Latinoamericana\",\"isPartOf\":{\"@id\":\"https:\/\/cautiva.digital\/UPAL\/pt-br\/#website\"},\"datePublished\":\"2020-05-07T16:50:20+00:00\",\"breadcrumb\":{\"@id\":\"https:\/\/cautiva.digital\/UPAL\/pt-br\/politica-de-privacidade\/#breadcrumb\"},\"inLanguage\":\"pt-BR\",\"potentialAction\":[{\"@type\":\"ReadAction\",\"target\":[\"https:\/\/cautiva.digital\/UPAL\/pt-br\/politica-de-privacidade\/\"]}]},{\"@type\":\"BreadcrumbList\",\"@id\":\"https:\/\/cautiva.digital\/UPAL\/pt-br\/politica-de-privacidade\/#breadcrumb\",\"itemListElement\":[{\"@type\":\"ListItem\",\"position\":1,\"name\":\"Portada\",\"item\":\"https:\/\/cautiva.digital\/UPAL\/pt-br\/\"},{\"@type\":\"ListItem\",\"position\":2,\"name\":\"Pol\u00edtica de privacidade\"}]},{\"@type\":\"WebSite\",\"@id\":\"https:\/\/cautiva.digital\/UPAL\/pt-br\/#website\",\"url\":\"https:\/\/cautiva.digital\/UPAL\/pt-br\/\",\"name\":\"Universidad Privada Abierta Latinoamericana\",\"description\":\"La Pr\u00e1ctica lo hace Perfecto\",\"potentialAction\":[{\"@type\":\"SearchAction\",\"target\":{\"@type\":\"EntryPoint\",\"urlTemplate\":\"https:\/\/cautiva.digital\/UPAL\/pt-br\/?s={search_term_string}\"},\"query-input\":{\"@type\":\"PropertyValueSpecification\",\"valueRequired\":true,\"valueName\":\"search_term_string\"}}],\"inLanguage\":\"pt-BR\"}]}<\/script>\n<!-- \/ Yoast SEO plugin. -->","yoast_head_json":{"title":"Pol\u00edtica de privacidade - Universidad Privada Abierta Latinoamericana","robots":{"index":"index","follow":"follow","max-snippet":"max-snippet:-1","max-image-preview":"max-image-preview:large","max-video-preview":"max-video-preview:-1"},"canonical":"https:\/\/cautiva.digital\/UPAL\/pt-br\/politica-de-privacidade\/","og_locale":"pt_BR","og_type":"article","og_title":"Pol\u00edtica de privacidade - Universidad Privada Abierta Latinoamericana","og_description":"DECLARA\u00c7\u00c3O DE PRIVACIDADE &#8212;- SE\u00c7\u00c3O 1 &#8211; O QUE FAZEMOS COM SUA INFORMA\u00c7\u00c3O? Quando voc\u00ea compra algo de nossa loja, como parte do processo de compra e venda, coletamos as [&hellip;]","og_url":"https:\/\/cautiva.digital\/UPAL\/pt-br\/politica-de-privacidade\/","og_site_name":"Universidad Privada Abierta Latinoamericana","twitter_card":"summary_large_image","twitter_misc":{"Est. tempo de leitura":"2 minutos"},"schema":{"@context":"https:\/\/schema.org","@graph":[{"@type":"WebPage","@id":"https:\/\/cautiva.digital\/UPAL\/pt-br\/politica-de-privacidade\/","url":"https:\/\/cautiva.digital\/UPAL\/pt-br\/politica-de-privacidade\/","name":"Pol\u00edtica de privacidade - Universidad Privada Abierta Latinoamericana","isPartOf":{"@id":"https:\/\/cautiva.digital\/UPAL\/pt-br\/#website"},"datePublished":"2020-05-07T16:50:20+00:00","breadcrumb":{"@id":"https:\/\/cautiva.digital\/UPAL\/pt-br\/politica-de-privacidade\/#breadcrumb"},"inLanguage":"pt-BR","potentialAction":[{"@type":"ReadAction","target":["https:\/\/cautiva.digital\/UPAL\/pt-br\/politica-de-privacidade\/"]}]},{"@type":"BreadcrumbList","@id":"https:\/\/cautiva.digital\/UPAL\/pt-br\/politica-de-privacidade\/#breadcrumb","itemListElement":[{"@type":"ListItem","position":1,"name":"Portada","item":"https:\/\/cautiva.digital\/UPAL\/pt-br\/"},{"@type":"ListItem","position":2,"name":"Pol\u00edtica de privacidade"}]},{"@type":"WebSite","@id":"https:\/\/cautiva.digital\/UPAL\/pt-br\/#website","url":"https:\/\/cautiva.digital\/UPAL\/pt-br\/","name":"Universidad Privada Abierta Latinoamericana","description":"La Pr\u00e1ctica lo hace Perfecto","potentialAction":[{"@type":"SearchAction","target":{"@type":"EntryPoint","urlTemplate":"https:\/\/cautiva.digital\/UPAL\/pt-br\/?s={search_term_string}"},"query-input":{"@type":"PropertyValueSpecification","valueRequired":true,"valueName":"search_term_string"}}],"inLanguage":"pt-BR"}]}},"_links":{"self":[{"href":"https:\/\/cautiva.digital\/UPAL\/pt-br\/wp-json\/wp\/v2\/pages\/7607","targetHints":{"allow":["GET"]}}],"collection":[{"href":"https:\/\/cautiva.digital\/UPAL\/pt-br\/wp-json\/wp\/v2\/pages"}],"about":[{"href":"https:\/\/cautiva.digital\/UPAL\/pt-br\/wp-json\/wp\/v2\/types\/page"}],"author":[{"embeddable":true,"href":"https:\/\/cautiva.digital\/UPAL\/pt-br\/wp-json\/wp\/v2\/users\/1"}],"replies":[{"embeddable":true,"href":"https:\/\/cautiva.digital\/UPAL\/pt-br\/wp-json\/wp\/v2\/comments?post=7607"}],"version-history":[{"count":0,"href":"https:\/\/cautiva.digital\/UPAL\/pt-br\/wp-json\/wp\/v2\/pages\/7607\/revisions"}],"wp:attachment":[{"href":"https:\/\/cautiva.digital\/UPAL\/pt-br\/wp-json\/wp\/v2\/media?parent=7607"}],"curies":[{"name":"wp","href":"https:\/\/api.w.org\/{rel}","templated":true}]}}