{"id":7519,"date":"2020-05-07T13:57:58","date_gmt":"2020-05-07T13:57:58","guid":{"rendered":"https:\/\/cautiva.digital\/UPAL\/reivindicacoes-e-sugestoes\/"},"modified":"2020-05-07T14:44:14","modified_gmt":"2020-05-07T14:44:14","slug":"reivindicacoes-e-sugestoes","status":"publish","type":"page","link":"https:\/\/cautiva.digital\/UPAL\/pt-br\/reivindicacoes-e-sugestoes\/","title":{"rendered":"Reivindica\u00e7\u00f5es e Sugest\u00f5es"},"content":{"rendered":"\n<p><\/p>\n\n\n<div class=\"wpforms-container wpforms-container-full wpforms-block\" id=\"wpforms-7545\"><form id=\"wpforms-form-7545\" class=\"wpforms-validate wpforms-form\" data-formid=\"7545\" method=\"post\" enctype=\"multipart\/form-data\" action=\"\/UPAL\/pt-br\/wp-json\/wp\/v2\/pages\/7519\" data-token=\"a7aa5e285249c9ac54c6252a62263922\" data-token-time=\"1775666403\"><noscript class=\"wpforms-error-noscript\">Ative o JavaScript no seu navegador para preencher este formul\u00e1rio.<\/noscript><div class=\"wpforms-field-container\"><div id=\"wpforms-7545-field_2-container\" class=\"wpforms-field wpforms-field-radio wpforms-list-3-columns\" data-field-id=\"2\"><label class=\"wpforms-field-label\">Identifica\u00e7\u00e3o do Usu\u00e1rio <span class=\"wpforms-required-label\">*<\/span><\/label><ul id=\"wpforms-7545-field_2\" class=\"wpforms-field-required\"><li class=\"choice-1 depth-1\"><input type=\"radio\" id=\"wpforms-7545-field_2_1\" name=\"wpforms[fields][2]\" value=\"Estudante\" required ><label class=\"wpforms-field-label-inline\" for=\"wpforms-7545-field_2_1\">Estudante<\/label><\/li><li class=\"choice-2 depth-1\"><input type=\"radio\" id=\"wpforms-7545-field_2_2\" name=\"wpforms[fields][2]\" value=\"Professor\" required ><label class=\"wpforms-field-label-inline\" for=\"wpforms-7545-field_2_2\">Professor<\/label><\/li><\/ul><\/div><div id=\"wpforms-7545-field_0-container\" class=\"wpforms-field wpforms-field-name\" data-field-id=\"0\"><label class=\"wpforms-field-label\" for=\"wpforms-7545-field_0\">Nome &amp; Sobrenome <span class=\"wpforms-required-label\">*<\/span><\/label><input type=\"text\" id=\"wpforms-7545-field_0\" class=\"wpforms-field-medium wpforms-field-required\" name=\"wpforms[fields][0]\" required><\/div><div id=\"wpforms-7545-field_6-container\" class=\"wpforms-field wpforms-field-name\" data-field-id=\"6\"><label class=\"wpforms-field-label\" for=\"wpforms-7545-field_6\">N\u00famero de registro <span class=\"wpforms-required-label\">*<\/span><\/label><input type=\"text\" id=\"wpforms-7545-field_6\" class=\"wpforms-field-small wpforms-field-required\" name=\"wpforms[fields][6]\" required><\/div><div id=\"wpforms-7545-field_12-container\" class=\"wpforms-field wpforms-field-number\" data-field-id=\"12\"><label class=\"wpforms-field-label\" for=\"wpforms-7545-field_12\">Telefone <span class=\"wpforms-required-label\">*<\/span><\/label><input type=\"number\" id=\"wpforms-7545-field_12\" class=\"wpforms-field-small wpforms-field-required\" name=\"wpforms[fields][12]\" step=\"any\" required><\/div><div id=\"wpforms-7545-field_8-container\" class=\"wpforms-field wpforms-field-email\" data-field-id=\"8\"><label class=\"wpforms-field-label\" for=\"wpforms-7545-field_8\">Correio eletr\u00f4nico <span class=\"wpforms-required-label\">*<\/span><\/label><input type=\"email\" id=\"wpforms-7545-field_8\" class=\"wpforms-field-medium wpforms-field-required\" name=\"wpforms[fields][8]\" spellcheck=\"false\" required><div class=\"wpforms-field-description\">(*) Para que a reivindica\u00e7\u00e3o seja atendida, os alunos devem especificar seu e-mail e n\u00famero de inscri\u00e7\u00e3o. Os professores devem especificar seu email.<\/div><\/div><div id=\"wpforms-7545-field_14-container\" class=\"wpforms-field wpforms-field-radio wpforms-list-3-columns\" data-field-id=\"14\"><label class=\"wpforms-field-label\">2. Descri\u00e7\u00e3o <span class=\"wpforms-required-label\">*<\/span><\/label><ul id=\"wpforms-7545-field_14\" class=\"wpforms-field-required\"><li class=\"choice-1 depth-1\"><input type=\"radio\" id=\"wpforms-7545-field_14_1\" name=\"wpforms[fields][14]\" value=\"Sugest\u00e3o\" required ><label class=\"wpforms-field-label-inline\" for=\"wpforms-7545-field_14_1\">Sugest\u00e3o<\/label><\/li><li class=\"choice-2 depth-1\"><input type=\"radio\" id=\"wpforms-7545-field_14_2\" name=\"wpforms[fields][14]\" value=\"Reivindica\u00e7\u00e3o\" required ><label class=\"wpforms-field-label-inline\" for=\"wpforms-7545-field_14_2\">Reivindica\u00e7\u00e3o<\/label><\/li><\/ul><\/div><div id=\"wpforms-7545-field_5-container\" class=\"wpforms-field wpforms-field-radio wpforms-list-3-columns\" data-field-id=\"5\"><label class=\"wpforms-field-label\">Sede <span class=\"wpforms-required-label\">*<\/span><\/label><ul id=\"wpforms-7545-field_5\" class=\"wpforms-field-required\"><li class=\"choice-1 depth-1\"><input type=\"radio\" id=\"wpforms-7545-field_5_1\" name=\"wpforms[fields][5]\" value=\"Cochamba\" required ><label class=\"wpforms-field-label-inline\" for=\"wpforms-7545-field_5_1\">Cochamba<\/label><\/li><li class=\"choice-2 depth-1\"><input type=\"radio\" id=\"wpforms-7545-field_5_2\" name=\"wpforms[fields][5]\" value=\"Oruro\" required ><label class=\"wpforms-field-label-inline\" for=\"wpforms-7545-field_5_2\">Oruro<\/label><\/li><\/ul><\/div><div id=\"wpforms-7545-field_19-container\" class=\"wpforms-field wpforms-field-select\" data-field-id=\"19\"><label class=\"wpforms-field-label\" for=\"wpforms-7545-field_19\">Campus <span class=\"wpforms-required-label\">*<\/span><\/label><select id=\"wpforms-7545-field_19\" class=\"wpforms-field-medium wpforms-field-required\" name=\"wpforms[fields][19]\" required=\"required\"><option value=\"Tupac Amaru\"  class=\"choice-1 depth-1\"  >Tupac Amaru<\/option><option value=\"Am\u00e9rica\"  class=\"choice-2 depth-1\"  >Am\u00e9rica<\/option><option value=\"Soria Galvarro\"  class=\"choice-3 depth-1\"  >Soria Galvarro<\/option><\/select><\/div><div id=\"wpforms-7545-field_21-container\" class=\"wpforms-field wpforms-field-text\" data-field-id=\"21\"><label class=\"wpforms-field-label\" for=\"wpforms-7545-field_21\">Data do Evento<\/label><input type=\"text\" id=\"wpforms-7545-field_21\" class=\"wpforms-field-small\" name=\"wpforms[fields][21]\" placeholder=\"..\/..\/....\" ><\/div><div id=\"wpforms-7545-field_4-container\" class=\"wpforms-field wpforms-field-textarea\" data-field-id=\"4\"><label class=\"wpforms-field-label\" for=\"wpforms-7545-field_4\">3. Descri\u00e7\u00e3o da reivindica\u00e7\u00e3o \/ sugest\u00e3o <span class=\"wpforms-required-label\">*<\/span><\/label><textarea id=\"wpforms-7545-field_4\" class=\"wpforms-field-medium wpforms-field-required\" name=\"wpforms[fields][4]\" placeholder=\"-\" required><\/textarea><div class=\"wpforms-field-description\">Nota: Nas caixas de correio f\u00edsicas, a Institui\u00e7\u00e3o continuar\u00e1 com a revis\u00e3o da reivindica\u00e7\u00e3o enviada semanalmente e notificar\u00e1 voc\u00ea da resposta para a qual solicitamos que voc\u00ea nos forne\u00e7a seu email. \r\n<br>\r\n<b>\u201c&#8221;SUAS PREOCUPA\u00c7\u00d5ES S\u00c3O NOSSAS PREOCUPA\u00c7\u00d5ES , OBRIGADO POR CONTRIBUIR PARA A NOSSA MELHORIA&#8221;\u201d<\/b>\r\n<br>\r\n<br>\r\n<p style=\"text-align:right;\">GCAL-REG-017<br> Vers\u00e3o 3<br>F.A. 12\/08\/19<\/p><\/div><\/div><\/div><!-- .wpforms-field-container --><div class=\"wpforms-field wpforms-field-hp\"><label for=\"wpforms-7545-field-hp\" class=\"wpforms-field-label\">Comment<\/label><input type=\"text\" name=\"wpforms[hp]\" id=\"wpforms-7545-field-hp\" class=\"wpforms-field-medium\"><\/div><div class=\"wpforms-recaptcha-container wpforms-is-recaptcha wpforms-is-recaptcha-type-invisible\" ><div class=\"g-recaptcha\" data-sitekey=\"6LeYq6YUAAAAAI9iIPwnrq8YJg7GCcDnL3KgBXMv\" data-size=\"invisible\"><\/div><\/div><div class=\"wpforms-submit-container\" ><input type=\"hidden\" name=\"wpforms[id]\" value=\"7545\"><input type=\"hidden\" name=\"page_title\" value=\"\"><input type=\"hidden\" name=\"page_url\" value=\"https:\/\/cautiva.digital\/UPAL\/pt-br\/wp-json\/wp\/v2\/pages\/7519\"><input type=\"hidden\" name=\"url_referer\" value=\"\"><button type=\"submit\" name=\"wpforms[submit]\" id=\"wpforms-submit-7545\" class=\"wpforms-submit\" data-alt-text=\"Enviando...\" data-submit-text=\"Enviar\" aria-live=\"assertive\" value=\"wpforms-submit\">Enviar<\/button><\/div><\/form><\/div>  <!-- .wpforms-container -->\n\n\n<p><\/p>\n","protected":false},"excerpt":{"rendered":"","protected":false},"author":1,"featured_media":0,"parent":0,"menu_order":0,"comment_status":"closed","ping_status":"closed","template":"","meta":{"footnotes":""},"class_list":["post-7519","page","type-page","status-publish","hentry"],"yoast_head":"<!-- This site is optimized with the Yoast SEO plugin v26.8 - https:\/\/yoast.com\/product\/yoast-seo-wordpress\/ -->\n<title>Reivindica\u00e7\u00f5es e Sugest\u00f5es - Universidad Privada Abierta Latinoamericana<\/title>\n<meta name=\"robots\" content=\"index, follow, max-snippet:-1, max-image-preview:large, max-video-preview:-1\" \/>\n<link rel=\"canonical\" href=\"https:\/\/cautiva.digital\/UPAL\/pt-br\/reivindicacoes-e-sugestoes\/\" \/>\n<meta property=\"og:locale\" content=\"pt_BR\" \/>\n<meta property=\"og:type\" content=\"article\" \/>\n<meta property=\"og:title\" content=\"Reivindica\u00e7\u00f5es e Sugest\u00f5es - Universidad Privada Abierta Latinoamericana\" \/>\n<meta property=\"og:url\" content=\"https:\/\/cautiva.digital\/UPAL\/pt-br\/reivindicacoes-e-sugestoes\/\" \/>\n<meta property=\"og:site_name\" content=\"Universidad Privada Abierta Latinoamericana\" \/>\n<meta property=\"article:modified_time\" content=\"2020-05-07T14:44:14+00:00\" \/>\n<meta name=\"twitter:card\" content=\"summary_large_image\" \/>\n<script type=\"application\/ld+json\" class=\"yoast-schema-graph\">{\"@context\":\"https:\/\/schema.org\",\"@graph\":[{\"@type\":\"WebPage\",\"@id\":\"https:\/\/cautiva.digital\/UPAL\/pt-br\/reivindicacoes-e-sugestoes\/\",\"url\":\"https:\/\/cautiva.digital\/UPAL\/pt-br\/reivindicacoes-e-sugestoes\/\",\"name\":\"Reivindica\u00e7\u00f5es e Sugest\u00f5es - Universidad Privada Abierta Latinoamericana\",\"isPartOf\":{\"@id\":\"https:\/\/cautiva.digital\/UPAL\/pt-br\/#website\"},\"datePublished\":\"2020-05-07T13:57:58+00:00\",\"dateModified\":\"2020-05-07T14:44:14+00:00\",\"breadcrumb\":{\"@id\":\"https:\/\/cautiva.digital\/UPAL\/pt-br\/reivindicacoes-e-sugestoes\/#breadcrumb\"},\"inLanguage\":\"pt-BR\",\"potentialAction\":[{\"@type\":\"ReadAction\",\"target\":[\"https:\/\/cautiva.digital\/UPAL\/pt-br\/reivindicacoes-e-sugestoes\/\"]}]},{\"@type\":\"BreadcrumbList\",\"@id\":\"https:\/\/cautiva.digital\/UPAL\/pt-br\/reivindicacoes-e-sugestoes\/#breadcrumb\",\"itemListElement\":[{\"@type\":\"ListItem\",\"position\":1,\"name\":\"Portada\",\"item\":\"https:\/\/cautiva.digital\/UPAL\/pt-br\/\"},{\"@type\":\"ListItem\",\"position\":2,\"name\":\"Reivindica\u00e7\u00f5es e Sugest\u00f5es\"}]},{\"@type\":\"WebSite\",\"@id\":\"https:\/\/cautiva.digital\/UPAL\/pt-br\/#website\",\"url\":\"https:\/\/cautiva.digital\/UPAL\/pt-br\/\",\"name\":\"Universidad Privada Abierta Latinoamericana\",\"description\":\"La Pr\u00e1ctica lo hace Perfecto\",\"potentialAction\":[{\"@type\":\"SearchAction\",\"target\":{\"@type\":\"EntryPoint\",\"urlTemplate\":\"https:\/\/cautiva.digital\/UPAL\/pt-br\/?s={search_term_string}\"},\"query-input\":{\"@type\":\"PropertyValueSpecification\",\"valueRequired\":true,\"valueName\":\"search_term_string\"}}],\"inLanguage\":\"pt-BR\"}]}<\/script>\n<!-- \/ Yoast SEO plugin. -->","yoast_head_json":{"title":"Reivindica\u00e7\u00f5es e Sugest\u00f5es - Universidad Privada Abierta Latinoamericana","robots":{"index":"index","follow":"follow","max-snippet":"max-snippet:-1","max-image-preview":"max-image-preview:large","max-video-preview":"max-video-preview:-1"},"canonical":"https:\/\/cautiva.digital\/UPAL\/pt-br\/reivindicacoes-e-sugestoes\/","og_locale":"pt_BR","og_type":"article","og_title":"Reivindica\u00e7\u00f5es e Sugest\u00f5es - Universidad Privada Abierta Latinoamericana","og_url":"https:\/\/cautiva.digital\/UPAL\/pt-br\/reivindicacoes-e-sugestoes\/","og_site_name":"Universidad Privada Abierta Latinoamericana","article_modified_time":"2020-05-07T14:44:14+00:00","twitter_card":"summary_large_image","schema":{"@context":"https:\/\/schema.org","@graph":[{"@type":"WebPage","@id":"https:\/\/cautiva.digital\/UPAL\/pt-br\/reivindicacoes-e-sugestoes\/","url":"https:\/\/cautiva.digital\/UPAL\/pt-br\/reivindicacoes-e-sugestoes\/","name":"Reivindica\u00e7\u00f5es e Sugest\u00f5es - Universidad Privada Abierta Latinoamericana","isPartOf":{"@id":"https:\/\/cautiva.digital\/UPAL\/pt-br\/#website"},"datePublished":"2020-05-07T13:57:58+00:00","dateModified":"2020-05-07T14:44:14+00:00","breadcrumb":{"@id":"https:\/\/cautiva.digital\/UPAL\/pt-br\/reivindicacoes-e-sugestoes\/#breadcrumb"},"inLanguage":"pt-BR","potentialAction":[{"@type":"ReadAction","target":["https:\/\/cautiva.digital\/UPAL\/pt-br\/reivindicacoes-e-sugestoes\/"]}]},{"@type":"BreadcrumbList","@id":"https:\/\/cautiva.digital\/UPAL\/pt-br\/reivindicacoes-e-sugestoes\/#breadcrumb","itemListElement":[{"@type":"ListItem","position":1,"name":"Portada","item":"https:\/\/cautiva.digital\/UPAL\/pt-br\/"},{"@type":"ListItem","position":2,"name":"Reivindica\u00e7\u00f5es e Sugest\u00f5es"}]},{"@type":"WebSite","@id":"https:\/\/cautiva.digital\/UPAL\/pt-br\/#website","url":"https:\/\/cautiva.digital\/UPAL\/pt-br\/","name":"Universidad Privada Abierta Latinoamericana","description":"La Pr\u00e1ctica lo hace Perfecto","potentialAction":[{"@type":"SearchAction","target":{"@type":"EntryPoint","urlTemplate":"https:\/\/cautiva.digital\/UPAL\/pt-br\/?s={search_term_string}"},"query-input":{"@type":"PropertyValueSpecification","valueRequired":true,"valueName":"search_term_string"}}],"inLanguage":"pt-BR"}]}},"_links":{"self":[{"href":"https:\/\/cautiva.digital\/UPAL\/pt-br\/wp-json\/wp\/v2\/pages\/7519","targetHints":{"allow":["GET"]}}],"collection":[{"href":"https:\/\/cautiva.digital\/UPAL\/pt-br\/wp-json\/wp\/v2\/pages"}],"about":[{"href":"https:\/\/cautiva.digital\/UPAL\/pt-br\/wp-json\/wp\/v2\/types\/page"}],"author":[{"embeddable":true,"href":"https:\/\/cautiva.digital\/UPAL\/pt-br\/wp-json\/wp\/v2\/users\/1"}],"replies":[{"embeddable":true,"href":"https:\/\/cautiva.digital\/UPAL\/pt-br\/wp-json\/wp\/v2\/comments?post=7519"}],"version-history":[{"count":5,"href":"https:\/\/cautiva.digital\/UPAL\/pt-br\/wp-json\/wp\/v2\/pages\/7519\/revisions"}],"predecessor-version":[{"id":7547,"href":"https:\/\/cautiva.digital\/UPAL\/pt-br\/wp-json\/wp\/v2\/pages\/7519\/revisions\/7547"}],"wp:attachment":[{"href":"https:\/\/cautiva.digital\/UPAL\/pt-br\/wp-json\/wp\/v2\/media?parent=7519"}],"curies":[{"name":"wp","href":"https:\/\/api.w.org\/{rel}","templated":true}]}}