{"id":10,"date":"2025-01-09T15:47:30","date_gmt":"2025-01-09T15:47:30","guid":{"rendered":"https:\/\/cautiva.digital\/Patagonia\/?page_id=10"},"modified":"2025-01-31T13:33:30","modified_gmt":"2025-01-31T13:33:30","slug":"elementor-10","status":"publish","type":"page","link":"https:\/\/cautiva.digital\/Patagonia\/","title":{"rendered":"Landin Patagonia"},"content":{"rendered":"\t\t<div data-elementor-type=\"wp-page\" data-elementor-id=\"10\" class=\"elementor elementor-10\" data-elementor-post-type=\"page\">\n\t\t\t\t<div class=\"elementor-element elementor-element-8632c7a e-flex e-con-boxed e-con e-parent\" data-id=\"8632c7a\" data-element_type=\"container\" data-settings=\"{&quot;background_background&quot;:&quot;classic&quot;}\">\n\t\t\t\t\t<div class=\"e-con-inner\">\n\t\t<div class=\"elementor-element elementor-element-b43f44f e-con-full e-flex e-con e-child\" data-id=\"b43f44f\" data-element_type=\"container\">\n\t\t\t\t<div class=\"elementor-element elementor-element-62c1732 elementor-widget elementor-widget-heading\" data-id=\"62c1732\" data-element_type=\"widget\" data-widget_type=\"heading.default\">\n\t\t\t\t<div class=\"elementor-widget-container\">\n\t\t\t\t\t<h2 class=\"elementor-heading-title elementor-size-default\">Espacios Exclusivos para Momentos \u00danicos<\/h2>\t\t\t\t<\/div>\n\t\t\t\t<\/div>\n\t\t<div class=\"elementor-element elementor-element-12b420c e-con-full e-flex e-con e-child\" data-id=\"12b420c\" data-element_type=\"container\">\n\t\t\t\t<div class=\"elementor-element elementor-element-3851909 elementor-widget elementor-widget-text-editor\" data-id=\"3851909\" data-element_type=\"widget\" data-widget_type=\"text-editor.default\">\n\t\t\t\t<div class=\"elementor-widget-container\">\n\t\t\t\t\t\t\t\t\t<p>\u00a1Haz de tu evento una experiencia inolvidable!<\/p>\t\t\t\t\t\t\t\t<\/div>\n\t\t\t\t<\/div>\n\t\t\t\t<\/div>\n\t\t\t\t<div class=\"elementor-element elementor-element-351b2c8 elementor-align-center elementor-widget elementor-widget-button\" data-id=\"351b2c8\" data-element_type=\"widget\" data-widget_type=\"button.default\">\n\t\t\t\t<div class=\"elementor-widget-container\">\n\t\t\t\t\t\t\t\t\t<div class=\"elementor-button-wrapper\">\n\t\t\t\t\t<a class=\"elementor-button elementor-button-link elementor-size-sm\" href=\"#elementor-action%3Aaction%3Dpopup%3Aopen%26settings%3DeyJpZCI6IjE4MyIsInRvZ2dsZSI6ZmFsc2V9\" id=\"boton_1\">\n\t\t\t\t\t\t<span class=\"elementor-button-content-wrapper\">\n\t\t\t\t\t\t\t\t\t<span class=\"elementor-button-text\">Reserva tu fecha ahora<\/span>\n\t\t\t\t\t<\/span>\n\t\t\t\t\t<\/a>\n\t\t\t\t<\/div>\n\t\t\t\t\t\t\t\t<\/div>\n\t\t\t\t<\/div>\n\t\t\t\t<\/div>\n\t\t\t\t\t<\/div>\n\t\t\t\t<\/div>\n\t\t<div class=\"elementor-element elementor-element-10fd25c e-flex e-con-boxed e-con e-parent\" data-id=\"10fd25c\" data-element_type=\"container\" data-settings=\"{&quot;background_background&quot;:&quot;classic&quot;}\">\n\t\t\t\t\t<div class=\"e-con-inner\">\n\t\t<div class=\"elementor-element elementor-element-fddc2fd e-con-full e-flex e-con e-child\" data-id=\"fddc2fd\" data-element_type=\"container\">\n\t\t\t\t<div class=\"elementor-element elementor-element-4734e5d elementor-widget elementor-widget-heading\" data-id=\"4734e5d\" data-element_type=\"widget\" data-widget_type=\"heading.default\">\n\t\t\t\t<div class=\"elementor-widget-container\">\n\t\t\t\t\t<h2 class=\"elementor-heading-title elementor-size-default\">\u00bfPor qu\u00e9 elegirnos?<\/h2>\t\t\t\t<\/div>\n\t\t\t\t<\/div>\n\t\t<div class=\"elementor-element elementor-element-9276bea e-con-full e-flex e-con e-child\" data-id=\"9276bea\" data-element_type=\"container\">\n\t\t\t\t<div class=\"elementor-element elementor-element-8c77d08 elementor-widget elementor-widget-text-editor\" data-id=\"8c77d08\" data-element_type=\"widget\" data-widget_type=\"text-editor.default\">\n\t\t\t\t<div class=\"elementor-widget-container\">\n\t\t\t\t\t\t\t\t\t<p>En Patagonia Centro de Eventos, transformamos cada reuni\u00f3n en una experiencia memorable.<\/p>\t\t\t\t\t\t\t\t<\/div>\n\t\t\t\t<\/div>\n\t\t\t\t<\/div>\n\t\t<div class=\"elementor-element elementor-element-ae3a990 e-con-full e-flex e-con e-child\" data-id=\"ae3a990\" data-element_type=\"container\">\n\t\t\t\t<div class=\"elementor-element elementor-element-e8e931c elementor-widget elementor-widget-text-editor\" data-id=\"e8e931c\" data-element_type=\"widget\" data-widget_type=\"text-editor.default\">\n\t\t\t\t<div class=\"elementor-widget-container\">\n\t\t\t\t\t\t\t\t\t<ul><li>Ideal para grupos de 30 a 80 personas.<\/li><li>Un equilibrio perfecto entre lo \u00edntimo y lo espectacular.<\/li><li>Ambientes elegantes y vers\u00e1tiles para cualquier ocasi\u00f3n.<\/li><\/ul>\t\t\t\t\t\t\t\t<\/div>\n\t\t\t\t<\/div>\n\t\t\t\t<\/div>\n\t\t\t\t<\/div>\n\t\t\t\t\t<\/div>\n\t\t\t\t<\/div>\n\t\t<div class=\"elementor-element elementor-element-fc35230 e-flex e-con-boxed e-con e-parent\" data-id=\"fc35230\" data-element_type=\"container\" data-settings=\"{&quot;background_background&quot;:&quot;classic&quot;}\">\n\t\t\t\t\t<div class=\"e-con-inner\">\n\t\t<div class=\"elementor-element elementor-element-7ba2f03 e-con-full e-flex e-con e-child\" data-id=\"7ba2f03\" data-element_type=\"container\">\n\t\t\t\t<div class=\"elementor-element elementor-element-8b75df2 elementor-widget elementor-widget-heading\" data-id=\"8b75df2\" data-element_type=\"widget\" data-widget_type=\"heading.default\">\n\t\t\t\t<div class=\"elementor-widget-container\">\n\t\t\t\t\t<h2 class=\"elementor-heading-title elementor-size-default\">Nuestros Servicios <\/h2>\t\t\t\t<\/div>\n\t\t\t\t<\/div>\n\t\t<div class=\"elementor-element elementor-element-e43a685 e-grid e-con-full e-con e-child\" data-id=\"e43a685\" data-element_type=\"container\">\n\t\t\t\t<div class=\"elementor-element elementor-element-219608a elementor-widget elementor-widget-text-editor\" data-id=\"219608a\" data-element_type=\"widget\" data-widget_type=\"text-editor.default\">\n\t\t\t\t<div class=\"elementor-widget-container\">\n\t\t\t\t\t\t\t\t\t<p><strong>Paquetes Personalizados:<\/strong><\/p><p>-Decoraci\u00f3n tem\u00e1tica adaptada a tus gustos.\u00a0<\/p><p>-Catering especializado con opciones personalizadas.<\/p>\t\t\t\t\t\t\t\t<\/div>\n\t\t\t\t<\/div>\n\t\t\t\t<div class=\"elementor-element elementor-element-fe86587 elementor-widget elementor-widget-text-editor\" data-id=\"fe86587\" data-element_type=\"widget\" data-widget_type=\"text-editor.default\">\n\t\t\t\t<div class=\"elementor-widget-container\">\n\t\t\t\t\t\t\t\t\t<p><strong>Organizaci\u00f3n Integral:<\/strong><\/p><p>-Planificaci\u00f3n completa, de principio a fin.<\/p><p>-Equipo capacitado para garantizar excelencia en cada detalle.<\/p>\t\t\t\t\t\t\t\t<\/div>\n\t\t\t\t<\/div>\n\t\t\t\t<div class=\"elementor-element elementor-element-f72f065 elementor-widget elementor-widget-text-editor\" data-id=\"f72f065\" data-element_type=\"widget\" data-widget_type=\"text-editor.default\">\n\t\t\t\t<div class=\"elementor-widget-container\">\n\t\t\t\t\t\t\t\t\t<p><strong>Tecnolog\u00eda y Confort:<\/strong><\/p><p>-Equipos audiovisuales de \u00faltima generaci\u00f3n.<\/p><p>-Climatizaci\u00f3n perfecta y mobiliario c\u00f3modo.<\/p>\t\t\t\t\t\t\t\t<\/div>\n\t\t\t\t<\/div>\n\t\t\t\t<\/div>\n\t\t\t\t<\/div>\n\t\t\t\t<div class=\"elementor-element elementor-element-a58527c elementor-align-center elementor-widget elementor-widget-button\" data-id=\"a58527c\" data-element_type=\"widget\" data-widget_type=\"button.default\">\n\t\t\t\t<div class=\"elementor-widget-container\">\n\t\t\t\t\t\t\t\t\t<div class=\"elementor-button-wrapper\">\n\t\t\t\t\t<a class=\"elementor-button elementor-button-link elementor-size-sm\" href=\"#elementor-action%3Aaction%3Dpopup%3Aopen%26settings%3DeyJpZCI6IjE4MyIsInRvZ2dsZSI6ZmFsc2V9\" id=\"boton_2\">\n\t\t\t\t\t\t<span class=\"elementor-button-content-wrapper\">\n\t\t\t\t\t\t\t\t\t<span class=\"elementor-button-text\">Reserva tu fecha ahora<\/span>\n\t\t\t\t\t<\/span>\n\t\t\t\t\t<\/a>\n\t\t\t\t<\/div>\n\t\t\t\t\t\t\t\t<\/div>\n\t\t\t\t<\/div>\n\t\t\t\t\t<\/div>\n\t\t\t\t<\/div>\n\t\t<div class=\"elementor-element elementor-element-1c9a9ec e-flex e-con-boxed e-con e-parent\" data-id=\"1c9a9ec\" data-element_type=\"container\" data-settings=\"{&quot;background_background&quot;:&quot;classic&quot;}\">\n\t\t\t\t\t<div class=\"e-con-inner\">\n\t\t<div class=\"elementor-element elementor-element-91bd0df e-con-full e-flex e-con e-child\" data-id=\"91bd0df\" data-element_type=\"container\">\n\t\t\t\t<div class=\"elementor-element elementor-element-8b566cf elementor-widget elementor-widget-heading\" data-id=\"8b566cf\" data-element_type=\"widget\" data-widget_type=\"heading.default\">\n\t\t\t\t<div class=\"elementor-widget-container\">\n\t\t\t\t\t<h2 class=\"elementor-heading-title elementor-size-default\">Tipos de Eventos que Realizamos <\/h2>\t\t\t\t<\/div>\n\t\t\t\t<\/div>\n\t\t\t\t<\/div>\n\t\t<div class=\"elementor-element elementor-element-843dcd0 e-grid e-con-full e-con e-child\" data-id=\"843dcd0\" data-element_type=\"container\">\n\t\t\t\t<div class=\"elementor-element elementor-element-81e89ac elementor-position-top elementor-widget elementor-widget-image-box\" data-id=\"81e89ac\" data-element_type=\"widget\" data-widget_type=\"image-box.default\">\n\t\t\t\t<div class=\"elementor-widget-container\">\n\t\t\t\t\t<div class=\"elementor-image-box-wrapper\"><figure class=\"elementor-image-box-img\"><img fetchpriority=\"high\" decoding=\"async\" width=\"1067\" height=\"1600\" src=\"https:\/\/cautiva.digital\/Patagonia\/wp-content\/uploads\/2025\/01\/WhatsApp-Image-2025-01-15-at-8.06.22-PM.jpeg\" class=\"attachment-full size-full wp-image-39\" alt=\"\" srcset=\"https:\/\/cautiva.digital\/Patagonia\/wp-content\/uploads\/2025\/01\/WhatsApp-Image-2025-01-15-at-8.06.22-PM.jpeg 1067w, https:\/\/cautiva.digital\/Patagonia\/wp-content\/uploads\/2025\/01\/WhatsApp-Image-2025-01-15-at-8.06.22-PM-200x300.jpeg 200w, https:\/\/cautiva.digital\/Patagonia\/wp-content\/uploads\/2025\/01\/WhatsApp-Image-2025-01-15-at-8.06.22-PM-683x1024.jpeg 683w, https:\/\/cautiva.digital\/Patagonia\/wp-content\/uploads\/2025\/01\/WhatsApp-Image-2025-01-15-at-8.06.22-PM-768x1152.jpeg 768w, https:\/\/cautiva.digital\/Patagonia\/wp-content\/uploads\/2025\/01\/WhatsApp-Image-2025-01-15-at-8.06.22-PM-1024x1536.jpeg 1024w\" sizes=\"(max-width: 1067px) 100vw, 1067px\" \/><\/figure><div class=\"elementor-image-box-content\"><h3 class=\"elementor-image-box-title\">Eventos Sociales<\/h3><p class=\"elementor-image-box-description\">Bodas, cumplea\u00f1os, aniversarios, reuniones familiares<\/p><\/div><\/div>\t\t\t\t<\/div>\n\t\t\t\t<\/div>\n\t\t\t\t<div class=\"elementor-element elementor-element-30c4ea8 elementor-position-top elementor-widget elementor-widget-image-box\" data-id=\"30c4ea8\" data-element_type=\"widget\" data-widget_type=\"image-box.default\">\n\t\t\t\t<div class=\"elementor-widget-container\">\n\t\t\t\t\t<div class=\"elementor-image-box-wrapper\"><figure class=\"elementor-image-box-img\"><img decoding=\"async\" width=\"1067\" height=\"1600\" src=\"https:\/\/cautiva.digital\/Patagonia\/wp-content\/uploads\/2025\/01\/WhatsApp-Image-2025-01-15-at-8.06.22-PM-1.jpeg\" class=\"attachment-full size-full wp-image-38\" alt=\"\" srcset=\"https:\/\/cautiva.digital\/Patagonia\/wp-content\/uploads\/2025\/01\/WhatsApp-Image-2025-01-15-at-8.06.22-PM-1.jpeg 1067w, https:\/\/cautiva.digital\/Patagonia\/wp-content\/uploads\/2025\/01\/WhatsApp-Image-2025-01-15-at-8.06.22-PM-1-200x300.jpeg 200w, https:\/\/cautiva.digital\/Patagonia\/wp-content\/uploads\/2025\/01\/WhatsApp-Image-2025-01-15-at-8.06.22-PM-1-683x1024.jpeg 683w, https:\/\/cautiva.digital\/Patagonia\/wp-content\/uploads\/2025\/01\/WhatsApp-Image-2025-01-15-at-8.06.22-PM-1-768x1152.jpeg 768w, https:\/\/cautiva.digital\/Patagonia\/wp-content\/uploads\/2025\/01\/WhatsApp-Image-2025-01-15-at-8.06.22-PM-1-1024x1536.jpeg 1024w\" sizes=\"(max-width: 1067px) 100vw, 1067px\" \/><\/figure><div class=\"elementor-image-box-content\"><h3 class=\"elementor-image-box-title\">Eventos Corporativos<\/h3><p class=\"elementor-image-box-description\">Capacitaciones, reuniones empresariales, lanzamientos de productos<\/p><\/div><\/div>\t\t\t\t<\/div>\n\t\t\t\t<\/div>\n\t\t\t\t<\/div>\n\t\t\t\t\t<\/div>\n\t\t\t\t<\/div>\n\t\t<div class=\"elementor-element elementor-element-ac08953 e-con-full e-flex e-con e-parent\" data-id=\"ac08953\" data-element_type=\"container\" data-settings=\"{&quot;background_background&quot;:&quot;classic&quot;}\">\n\t\t\t\t<div class=\"elementor-element elementor-element-707c7e9 elementor-widget elementor-widget-heading\" data-id=\"707c7e9\" data-element_type=\"widget\" data-widget_type=\"heading.default\">\n\t\t\t\t<div class=\"elementor-widget-container\">\n\t\t\t\t\t<h2 class=\"elementor-heading-title elementor-size-default\">Nuestros eventos <\/h2>\t\t\t\t<\/div>\n\t\t\t\t<\/div>\n\t\t<div class=\"elementor-element elementor-element-51a697e e-flex e-con-boxed e-con e-child\" data-id=\"51a697e\" data-element_type=\"container\">\n\t\t\t\t\t<div class=\"e-con-inner\">\n\t\t<div class=\"elementor-element elementor-element-4274c26 e-grid e-con-full e-con e-child\" data-id=\"4274c26\" data-element_type=\"container\">\n\t\t\t\t<div class=\"elementor-element elementor-element-e00c6d0 elementor-widget elementor-widget-image\" data-id=\"e00c6d0\" data-element_type=\"widget\" data-widget_type=\"image.default\">\n\t\t\t\t<div class=\"elementor-widget-container\">\n\t\t\t\t\t\t\t\t\t\t\t\t\t\t\t<img decoding=\"async\" width=\"800\" height=\"534\" src=\"https:\/\/cautiva.digital\/Patagonia\/wp-content\/uploads\/2025\/01\/imagen-3-1024x683.png\" class=\"attachment-large size-large wp-image-101\" alt=\"\" srcset=\"https:\/\/cautiva.digital\/Patagonia\/wp-content\/uploads\/2025\/01\/imagen-3-1024x683.png 1024w, https:\/\/cautiva.digital\/Patagonia\/wp-content\/uploads\/2025\/01\/imagen-3-300x200.png 300w, https:\/\/cautiva.digital\/Patagonia\/wp-content\/uploads\/2025\/01\/imagen-3-768x512.png 768w, https:\/\/cautiva.digital\/Patagonia\/wp-content\/uploads\/2025\/01\/imagen-3-1536x1024.png 1536w, https:\/\/cautiva.digital\/Patagonia\/wp-content\/uploads\/2025\/01\/imagen-3-2048x1365.png 2048w\" sizes=\"(max-width: 800px) 100vw, 800px\" \/>\t\t\t\t\t\t\t\t\t\t\t\t\t\t\t<\/div>\n\t\t\t\t<\/div>\n\t\t\t\t<div class=\"elementor-element elementor-element-6e577d4 elementor-widget elementor-widget-image\" data-id=\"6e577d4\" data-element_type=\"widget\" data-widget_type=\"image.default\">\n\t\t\t\t<div class=\"elementor-widget-container\">\n\t\t\t\t\t\t\t\t\t\t\t\t\t\t\t<img loading=\"lazy\" decoding=\"async\" width=\"800\" height=\"534\" src=\"https:\/\/cautiva.digital\/Patagonia\/wp-content\/uploads\/2025\/01\/imagen-1-1024x683.png\" class=\"attachment-large size-large wp-image-98\" alt=\"\" srcset=\"https:\/\/cautiva.digital\/Patagonia\/wp-content\/uploads\/2025\/01\/imagen-1-1024x683.png 1024w, https:\/\/cautiva.digital\/Patagonia\/wp-content\/uploads\/2025\/01\/imagen-1-300x200.png 300w, https:\/\/cautiva.digital\/Patagonia\/wp-content\/uploads\/2025\/01\/imagen-1-768x512.png 768w, https:\/\/cautiva.digital\/Patagonia\/wp-content\/uploads\/2025\/01\/imagen-1-1536x1024.png 1536w, https:\/\/cautiva.digital\/Patagonia\/wp-content\/uploads\/2025\/01\/imagen-1-2048x1365.png 2048w\" sizes=\"(max-width: 800px) 100vw, 800px\" \/>\t\t\t\t\t\t\t\t\t\t\t\t\t\t\t<\/div>\n\t\t\t\t<\/div>\n\t\t\t\t<div class=\"elementor-element elementor-element-20ea4b4 elementor-widget elementor-widget-image\" data-id=\"20ea4b4\" data-element_type=\"widget\" data-widget_type=\"image.default\">\n\t\t\t\t<div class=\"elementor-widget-container\">\n\t\t\t\t\t\t\t\t\t\t\t\t\t\t\t<img loading=\"lazy\" decoding=\"async\" width=\"800\" height=\"534\" src=\"https:\/\/cautiva.digital\/Patagonia\/wp-content\/uploads\/2025\/01\/imagen-2-1024x683.png\" class=\"attachment-large size-large wp-image-100\" alt=\"\" srcset=\"https:\/\/cautiva.digital\/Patagonia\/wp-content\/uploads\/2025\/01\/imagen-2-1024x683.png 1024w, https:\/\/cautiva.digital\/Patagonia\/wp-content\/uploads\/2025\/01\/imagen-2-300x200.png 300w, https:\/\/cautiva.digital\/Patagonia\/wp-content\/uploads\/2025\/01\/imagen-2-768x512.png 768w, https:\/\/cautiva.digital\/Patagonia\/wp-content\/uploads\/2025\/01\/imagen-2-1536x1024.png 1536w, https:\/\/cautiva.digital\/Patagonia\/wp-content\/uploads\/2025\/01\/imagen-2-2048x1365.png 2048w\" sizes=\"(max-width: 800px) 100vw, 800px\" \/>\t\t\t\t\t\t\t\t\t\t\t\t\t\t\t<\/div>\n\t\t\t\t<\/div>\n\t\t\t\t<\/div>\n\t\t\t\t\t<\/div>\n\t\t\t\t<\/div>\n\t\t\t\t<\/div>\n\t\t\t\t<\/div>\n\t\t","protected":false},"excerpt":{"rendered":"<p>Espacios Exclusivos para Momentos \u00danicos \u00a1Haz de tu evento una experiencia inolvidable! Reserva tu fecha ahora \u00bfPor qu\u00e9 elegirnos? En Patagonia Centro de Eventos, transformamos cada reuni\u00f3n en una experiencia memorable. Ideal para grupos de 30 a 80 personas. Un equilibrio perfecto entre lo \u00edntimo y lo espectacular. Ambientes elegantes y vers\u00e1tiles para cualquier ocasi\u00f3n. [&hellip;]<\/p>\n","protected":false},"author":1,"featured_media":0,"parent":0,"menu_order":0,"comment_status":"closed","ping_status":"closed","template":"elementor_canvas","meta":{"footnotes":""},"class_list":["post-10","page","type-page","status-publish","hentry"],"_links":{"self":[{"href":"https:\/\/cautiva.digital\/Patagonia\/wp-json\/wp\/v2\/pages\/10","targetHints":{"allow":["GET"]}}],"collection":[{"href":"https:\/\/cautiva.digital\/Patagonia\/wp-json\/wp\/v2\/pages"}],"about":[{"href":"https:\/\/cautiva.digital\/Patagonia\/wp-json\/wp\/v2\/types\/page"}],"author":[{"embeddable":true,"href":"https:\/\/cautiva.digital\/Patagonia\/wp-json\/wp\/v2\/users\/1"}],"replies":[{"embeddable":true,"href":"https:\/\/cautiva.digital\/Patagonia\/wp-json\/wp\/v2\/comments?post=10"}],"version-history":[{"count":210,"href":"https:\/\/cautiva.digital\/Patagonia\/wp-json\/wp\/v2\/pages\/10\/revisions"}],"predecessor-version":[{"id":269,"href":"https:\/\/cautiva.digital\/Patagonia\/wp-json\/wp\/v2\/pages\/10\/revisions\/269"}],"wp:attachment":[{"href":"https:\/\/cautiva.digital\/Patagonia\/wp-json\/wp\/v2\/media?parent=10"}],"curies":[{"name":"wp","href":"https:\/\/api.w.org\/{rel}","templated":true}]}}